{"id":706,"date":"2020-12-04T06:30:09","date_gmt":"2020-12-04T04:30:09","guid":{"rendered":"https:\/\/dermitzaki.gr\/?page_id=706"},"modified":"2022-01-15T14:59:29","modified_gmt":"2022-01-15T12:59:29","slug":"cookie-policy","status":"publish","type":"page","link":"https:\/\/dermitzaki.gr\/sq\/cookie-policy\/","title":{"rendered":"POLITIKA E KOKIVE"},"content":{"rendered":"<div data-elementor-type=\"wp-page\" data-elementor-id=\"706\" class=\"elementor elementor-706\" data-elementor-post-type=\"page\">\n\t\t\t\t\t\t<section class=\"elementor-section elementor-top-section elementor-element elementor-element-3d5657a elementor-section-height-min-height elementor-section-stretched elementor-section-boxed elementor-section-height-default elementor-section-items-middle\" data-id=\"3d5657a\" data-element_type=\"section\" data-e-type=\"section\" data-settings=\"{&quot;background_background&quot;:&quot;classic&quot;,&quot;stretch_section&quot;:&quot;section-stretched&quot;,&quot;jet_parallax_layout_list&quot;:[{&quot;jet_parallax_layout_image&quot;:{&quot;url&quot;:&quot;&quot;,&quot;id&quot;:&quot;&quot;,&quot;size&quot;:&quot;&quot;},&quot;_id&quot;:&quot;fd4a340&quot;,&quot;jet_parallax_layout_image_tablet&quot;:{&quot;url&quot;:&quot;&quot;,&quot;id&quot;:&quot;&quot;,&quot;size&quot;:&quot;&quot;},&quot;jet_parallax_layout_image_mobile&quot;:{&quot;url&quot;:&quot;&quot;,&quot;id&quot;:&quot;&quot;,&quot;size&quot;:&quot;&quot;},&quot;jet_parallax_layout_speed&quot;:{&quot;unit&quot;:&quot;%&quot;,&quot;size&quot;:50,&quot;sizes&quot;:[]},&quot;jet_parallax_layout_type&quot;:&quot;scroll&quot;,&quot;jet_parallax_layout_direction&quot;:&quot;1&quot;,&quot;jet_parallax_layout_fx_direction&quot;:null,&quot;jet_parallax_layout_z_index&quot;:&quot;&quot;,&quot;jet_parallax_layout_bg_x&quot;:50,&quot;jet_parallax_layout_bg_x_tablet&quot;:&quot;&quot;,&quot;jet_parallax_layout_bg_x_mobile&quot;:&quot;&quot;,&quot;jet_parallax_layout_bg_y&quot;:50,&quot;jet_parallax_layout_bg_y_tablet&quot;:&quot;&quot;,&quot;jet_parallax_layout_bg_y_mobile&quot;:&quot;&quot;,&quot;jet_parallax_layout_bg_size&quot;:&quot;auto&quot;,&quot;jet_parallax_layout_bg_size_tablet&quot;:&quot;&quot;,&quot;jet_parallax_layout_bg_size_mobile&quot;:&quot;&quot;,&quot;jet_parallax_layout_animation_prop&quot;:&quot;transform&quot;,&quot;jet_parallax_layout_on&quot;:[&quot;desktop&quot;,&quot;tablet&quot;]}]}\">\n\t\t\t\t\t\t\t<div class=\"elementor-background-overlay\"><\/div>\n\t\t\t\t\t\t\t<div class=\"elementor-container elementor-column-gap-default\">\n\t\t\t\t\t<div class=\"elementor-column elementor-col-100 elementor-top-column elementor-element elementor-element-b665958\" data-id=\"b665958\" data-element_type=\"column\" data-e-type=\"column\">\n\t\t\t<div class=\"elementor-widget-wrap elementor-element-populated\">\n\t\t\t\t\t\t<div class=\"elementor-element elementor-element-b049527 elementor-widget elementor-widget-heading\" data-id=\"b049527\" data-element_type=\"widget\" data-e-type=\"widget\" data-widget_type=\"heading.default\">\n\t\t\t\t<div class=\"elementor-widget-container\">\n\t\t\t\t\t<h1 class=\"elementor-heading-title elementor-size-default\">POLITIKA E KOKIVE<\/h1>\t\t\t\t<\/div>\n\t\t\t\t<\/div>\n\t\t\t\t<div class=\"elementor-element elementor-element-08ca641 elementor-widget elementor-widget-heading\" data-id=\"08ca641\" data-element_type=\"widget\" data-e-type=\"widget\" data-widget_type=\"heading.default\">\n\t\t\t\t<div class=\"elementor-widget-container\">\n\t\t\t\t\t<h3 class=\"elementor-heading-title elementor-size-default\">Dr. Manolis Dermitzakis - Neurolog\n<\/h3>\t\t\t\t<\/div>\n\t\t\t\t<\/div>\n\t\t\t\t<div class=\"elementor-element elementor-element-10e6642 elementor-widget elementor-widget-text-editor\" data-id=\"10e6642\" data-element_type=\"widget\" data-e-type=\"widget\" data-widget_type=\"text-editor.default\">\n\t\t\t\t<div class=\"elementor-widget-container\">\n\t\t\t\t\t\t\t\t\t<p class=\"moto-text_normal\">Doktor i Departamentit t\u00eb Mjek\u00ebsis\u00eb, A.U.Th. Ritrajnuar n\u00eb Godeshohe, Gjermani.<\/p>\t\t\t\t\t\t\t\t<\/div>\n\t\t\t\t<\/div>\n\t\t\t\t\t<\/div>\n\t\t<\/div>\n\t\t\t\t\t<\/div>\n\t\t<\/section>\n\t\t\t\t<section class=\"elementor-section elementor-top-section elementor-element elementor-element-75dedf6 elementor-section-boxed elementor-section-height-default elementor-section-height-default\" data-id=\"75dedf6\" data-element_type=\"section\" data-e-type=\"section\" data-settings=\"{&quot;background_background&quot;:&quot;classic&quot;,&quot;jet_parallax_layout_list&quot;:[{&quot;jet_parallax_layout_image&quot;:{&quot;url&quot;:&quot;&quot;,&quot;id&quot;:&quot;&quot;,&quot;size&quot;:&quot;&quot;},&quot;_id&quot;:&quot;5018dd9&quot;,&quot;jet_parallax_layout_image_tablet&quot;:{&quot;url&quot;:&quot;&quot;,&quot;id&quot;:&quot;&quot;,&quot;size&quot;:&quot;&quot;},&quot;jet_parallax_layout_image_mobile&quot;:{&quot;url&quot;:&quot;&quot;,&quot;id&quot;:&quot;&quot;,&quot;size&quot;:&quot;&quot;},&quot;jet_parallax_layout_speed&quot;:{&quot;unit&quot;:&quot;%&quot;,&quot;size&quot;:50,&quot;sizes&quot;:[]},&quot;jet_parallax_layout_type&quot;:&quot;scroll&quot;,&quot;jet_parallax_layout_direction&quot;:&quot;1&quot;,&quot;jet_parallax_layout_fx_direction&quot;:null,&quot;jet_parallax_layout_z_index&quot;:&quot;&quot;,&quot;jet_parallax_layout_bg_x&quot;:50,&quot;jet_parallax_layout_bg_x_tablet&quot;:&quot;&quot;,&quot;jet_parallax_layout_bg_x_mobile&quot;:&quot;&quot;,&quot;jet_parallax_layout_bg_y&quot;:50,&quot;jet_parallax_layout_bg_y_tablet&quot;:&quot;&quot;,&quot;jet_parallax_layout_bg_y_mobile&quot;:&quot;&quot;,&quot;jet_parallax_layout_bg_size&quot;:&quot;auto&quot;,&quot;jet_parallax_layout_bg_size_tablet&quot;:&quot;&quot;,&quot;jet_parallax_layout_bg_size_mobile&quot;:&quot;&quot;,&quot;jet_parallax_layout_animation_prop&quot;:&quot;transform&quot;,&quot;jet_parallax_layout_on&quot;:[&quot;desktop&quot;,&quot;tablet&quot;]}]}\">\n\t\t\t\t\t\t<div class=\"elementor-container elementor-column-gap-default\">\n\t\t\t\t\t<div class=\"elementor-column elementor-col-66 elementor-top-column elementor-element elementor-element-356c7fc\" data-id=\"356c7fc\" data-element_type=\"column\" data-e-type=\"column\" data-settings=\"{&quot;background_background&quot;:&quot;classic&quot;}\">\n\t\t\t<div class=\"elementor-widget-wrap elementor-element-populated\">\n\t\t\t\t\t\t<div class=\"elementor-element elementor-element-48835c1 elementor-widget elementor-widget-image\" data-id=\"48835c1\" data-element_type=\"widget\" data-e-type=\"widget\" data-widget_type=\"image.default\">\n\t\t\t\t<div class=\"elementor-widget-container\">\n\t\t\t\t\t\t\t\t\t\t\t\t\t\t\t<img decoding=\"async\" width=\"800\" height=\"534\" src=\"https:\/\/dermitzaki.gr\/wp-content\/uploads\/2020\/12\/07-scaled-1-1024x683.jpg\" class=\"attachment-large size-large wp-image-626\" alt=\"\" srcset=\"https:\/\/dermitzaki.gr\/wp-content\/uploads\/2020\/12\/07-scaled-1-1024x683.jpg 1024w, https:\/\/dermitzaki.gr\/wp-content\/uploads\/2020\/12\/07-scaled-1-300x200.jpg 300w, https:\/\/dermitzaki.gr\/wp-content\/uploads\/2020\/12\/07-scaled-1-768x512.jpg 768w, https:\/\/dermitzaki.gr\/wp-content\/uploads\/2020\/12\/07-scaled-1-1536x1024.jpg 1536w, https:\/\/dermitzaki.gr\/wp-content\/uploads\/2020\/12\/07-scaled-1-2048x1366.jpg 2048w, https:\/\/dermitzaki.gr\/wp-content\/uploads\/2020\/12\/07-scaled-1.jpg 1920w\" sizes=\"(max-width: 800px) 100vw, 800px\" \/>\t\t\t\t\t\t\t\t\t\t\t\t\t\t\t<\/div>\n\t\t\t\t<\/div>\n\t\t\t\t<div class=\"elementor-element elementor-element-209310b elementor-widget elementor-widget-heading\" data-id=\"209310b\" data-element_type=\"widget\" data-e-type=\"widget\" data-widget_type=\"heading.default\">\n\t\t\t\t<div class=\"elementor-widget-container\">\n\t\t\t\t\t<h2 class=\"elementor-heading-title elementor-size-default\">POLITIKA E KOKIVE<\/h2>\t\t\t\t<\/div>\n\t\t\t\t<\/div>\n\t\t\t\t<div class=\"elementor-element elementor-element-d02a617 elementor-widget elementor-widget-text-editor\" data-id=\"d02a617\" data-element_type=\"widget\" data-e-type=\"widget\" data-widget_type=\"text-editor.default\">\n\t\t\t\t<div class=\"elementor-widget-container\">\n\t\t\t\t\t\t\t\t\t<p>T\u00eb\u00a0<strong>biskota<\/strong>\u00a0jan\u00eb skedar\u00eb t\u00eb vegj\u00ebl teksti q\u00eb ruhen nga nj\u00eb faqe interneti n\u00eb nj\u00eb shfletues (shfletues interneti) gjat\u00eb navigimit ton\u00eb dhe m\u00eb pas i rimarrin ato n\u00eb m\u00ebnyr\u00eb q\u00eb ta njoh\u00eb her\u00ebn tjet\u00ebr q\u00eb t\u00eb vizitohet.<br \/>Por cookies nuk p\u00ebrmbajn\u00eb kurr\u00eb informacione personale, t\u00eb cilat mund t\u00eb lejojn\u00eb k\u00ebdo t\u00eb kontaktoj\u00eb vizitorin e faqes n\u00eb internet, si p.sh e-mail etj.<br \/>N\u00eb &quot;Deklarata e Privat\u00ebsis\u00eb&quot;. <strong>dermitzaki.gr<\/strong>, e cila \u00ebsht\u00eb e disponueshme n\u00eb faqen e internetit\u00a0 \u00a0<span id=\"sample-permalink\"><a href=\"https:\/\/dermitzaki.gr\/sq\/privacy-policy\/\">https:\/\/dermitzaki.gr\/<span id=\"editable-post-name\">Politika e privat\u00ebsis\u00eb<\/span>\/<\/a><\/span>\u00a0, mund t\u00eb m\u00ebsoni p\u00ebr t\u00eb dh\u00ebnat personale q\u00eb mbledhim p\u00ebr ju.<\/p><p><strong>1. Llojet e biskotave<\/strong><br \/>Kompania mund t\u00eb p\u00ebrdor\u00eb cookie t\u00eb llojeve t\u00eb m\u00ebposhtme p\u00ebr t\u00eb promovuar sh\u00ebrbim m\u00eb t\u00eb mir\u00eb p\u00ebr vizitor\u00ebt n\u00eb faqen e internetit, personalizimin e informacionit dhe preferencat e secilit shfletues.<\/p><p><strong>1.1 Cookies t\u00eb nevojshme<\/strong><br \/>Ato jan\u00eb cookies q\u00eb jan\u00eb t\u00eb nevojshme p\u00ebr funksionimin e nj\u00eb faqe interneti. Pa cookies, faqja e internetit nuk mund t\u00eb funksionoj\u00eb si\u00e7 duhet. Ne nuk k\u00ebrkojm\u00eb p\u00eblqimin tuaj specifik p\u00ebr k\u00ebt\u00eb kategori specifike t\u00eb cookie-ve. T\u00eb gjitha cookie-t e tjera k\u00ebrkojn\u00eb p\u00eblqimin tuaj.<\/p><p><strong>1.2 Cookie funksionale<\/strong><br \/>Ato jan\u00eb cookie q\u00eb p\u00ebrmir\u00ebsojn\u00eb funksionalitetin e faqes n\u00eb internet. Fal\u00eb p\u00ebrdorimit t\u00eb k\u00ebtyre cookies, shfletimi p\u00ebrshtatet me interesat tuaja dhe k\u00ebshtu ne mund t\u00eb kursejm\u00eb koh\u00ebn q\u00eb do t\u00eb humbisnit duke rifutur informacionin.<\/p><p><strong>1.3 Kuki t\u00eb pal\u00ebve t\u00eb treta<\/strong><br \/><strong>1.3.1 Google Analytics<\/strong>: Faqja e internetit e Kompanis\u00eb p\u00ebrdor Google Analytics &quot;Karakteristikat e rimarketimit dhe reklamimit&quot;, p\u00ebrmes t\u00eb cilave kompania jon\u00eb mbledh informacion. Ky informacion ndihmon Kompanin\u00eb ton\u00eb t\u00eb p\u00ebrmir\u00ebsoj\u00eb faqen e saj t\u00eb internetit bazuar n\u00eb preferencat e vizitor\u00ebve t\u00eb saj. Informacioni i mbledhur d\u00ebrgohet dhe ruhet n\u00eb nj\u00eb server n\u00eb pron\u00ebsi t\u00eb Google n\u00eb SHBA. P\u00ebr m\u00eb shum\u00eb informacion rreth politik\u00ebs s\u00eb privat\u00ebsis\u00eb s\u00eb Google, ju lutemi vizitoni faqen e m\u00ebposhtme t\u00eb internetit\u00a0<a href=\"https:\/\/policies.google.com\/privacy?hl=en\" target=\"_blank\" rel=\"noopener noreferrer\">https:\/\/policies.google.com\/privacy?hl=en<\/a>\u00a0dhe ve\u00e7an\u00ebrisht lidhjen\u00a0<a href=\"https:\/\/support.google.com\/analytics\/answer\/6004245\" target=\"_blank\" rel=\"noopener noreferrer\">https:\/\/support.google.com\/analytics\/answer\/6004245<\/a>.<br \/>N\u00eb rast se nuk d\u00ebshironi q\u00eb t\u00eb dh\u00ebnat tuaja t\u00eb mblidhen nga Google Analytics, mund t\u00eb shkarkoni dhe instaloni programin e t\u00ebrheqjes nga Google Analytics n\u00eb shfletuesin tuaj n\u00eb lidhjen e m\u00ebposhtme:<br \/><a href=\"https:\/\/tools.google.com\/dlpage\/gaoptout\/\" target=\"_blank\" rel=\"noopener noreferrer\">https:\/\/tools.google.com\/dlpage\/gaoptout\/<\/a><br \/><strong>1.3.2 Facebook<\/strong>: Faqja e internetit e Kompanis\u00eb ka butona p\u00ebr t\u00eb promovuar ose ndar\u00eb faqet n\u00eb mediat sociale. K\u00ebta butona funksionojn\u00eb p\u00ebrmes nj\u00eb kodi t\u00eb v\u00ebn\u00eb n\u00eb dispozicion nga Facebook. Ky kod, nd\u00ebr t\u00eb tjera, vendos nj\u00eb cookie. Ju lutemi lexoni politik\u00ebn e privat\u00ebsis\u00eb s\u00eb Facebook (e cila mund t\u00eb ndryshoj\u00eb periodikisht) p\u00ebr t\u00eb par\u00eb se \u00e7far\u00eb b\u00ebn me t\u00eb dh\u00ebnat q\u00eb mbledh me k\u00ebt\u00eb kod. Kompania nuk ka asnj\u00eb ndikim n\u00eb k\u00ebt\u00eb.<br \/><strong>1.3.3 YouTube<\/strong>: Faqja e internetit e kompanis\u00eb p\u00ebrdor skedar\u00eb video nga YouTube. K\u00ebta skedar\u00eb p\u00ebrmbajn\u00eb cookie. Ju lutemi, lexoni politik\u00ebn e privat\u00ebsis\u00eb s\u00eb YouTube (e cila mund t\u00eb ndryshoj\u00eb n\u00eb m\u00ebnyr\u00eb periodike) n\u00ebse d\u00ebshironi m\u00eb shum\u00eb informacion rreth kukit q\u00eb p\u00ebrdor dhe \u00e7far\u00eb b\u00ebn me t\u00eb dh\u00ebnat q\u00eb mbledh me k\u00ebto kuki. Kompania nuk ka asnj\u00eb ndikim n\u00eb k\u00ebt\u00eb.<\/p><p><strong>2 Kontrolli i biskotave<\/strong><br \/>Ju mund t\u00eb kontrolloni dhe\/ose t\u00eb fshini cookies sipas d\u00ebshir\u00ebs tuaj. Ju gjithashtu mund t\u00eb fshini t\u00eb gjitha kukit q\u00eb jan\u00eb tashm\u00eb n\u00eb kompjuterin tuaj (ose \u00e7do pajisje t\u00eb p\u00ebrdorur p\u00ebr t\u00eb shfletuar internetin), si dhe t\u00eb vendosni shumic\u00ebn e shfletuesve t\u00eb uebit p\u00ebr t\u00eb parandaluar kukit e instalimit.<br \/>Megjithat\u00eb, n\u00eb k\u00ebt\u00eb rast, mund t&#039;ju duhet t\u00eb rregulloni vet\u00eb disa preferenca sa her\u00eb q\u00eb vizitoni nj\u00eb faqe interneti (faqe interneti). Gjithashtu, duke fshir\u00eb cookie-t, disa sh\u00ebrbime mund t\u00eb mos funksionojn\u00eb.<\/p><p><strong>3 Pranimi i instalimit t\u00eb cookies<\/strong><br \/>Vizitori duke lundruar n\u00eb faqen e internetit dermitzaki.gr informohet q\u00eb her\u00ebn e par\u00eb q\u00eb hyn n\u00eb t\u00eb me nj\u00eb referenc\u00eb p\u00ebrkat\u00ebse n\u00eb fund t\u00eb faqes se pranon dhe kupton se p\u00ebrdorimi i cookies \u00ebsht\u00eb i nevojsh\u00ebm p\u00ebr funksionimin normal t\u00eb tij.<br \/>P\u00ebrndryshe, ai duhet t\u00eb ndaloj\u00eb shfletimin e faqes s\u00eb internetit ose t\u00eb \u00e7aktivizoj\u00eb p\u00ebrdorimin e cookies n\u00eb cil\u00ebsimet e shfletuesit. N\u00ebse cookies nuk jan\u00eb instaluar, mund t\u00eb ket\u00eb nj\u00eb ndikim t\u00eb r\u00ebnd\u00ebsish\u00ebm si n\u00eb funksionalitetin e faqes n\u00eb internet ashtu edhe n\u00eb aft\u00ebsin\u00eb p\u00ebr t\u00eb marr\u00eb informacion ose sh\u00ebrbime nga dermitzaki.gr<\/p><p><strong>4 \u00c7aktivizimi\/aktivizimi i cookies specifike<\/strong><br \/>Kompania po punon p\u00ebr t&#039;ju ofruar mund\u00ebsin\u00eb p\u00ebr t\u00eb menaxhuar instalimin e cookies q\u00eb ju preferoni n\u00eb faqen ton\u00eb t\u00eb internetit, por kjo ve\u00e7ori \u00ebsht\u00eb aktualisht n\u00eb zhvillim e sip\u00ebr. Si hap i p\u00ebrkohsh\u00ebm, m\u00eb posht\u00eb ne ofrojm\u00eb informacion t\u00eb detajuar n\u00eb lidhje me t\u00eb gjitha cookie-t e vendosura n\u00eb kompjuterin tuaj nga faqet tona t\u00eb internetit dhe dobin\u00eb e tyre, si dhe detaje se si mund t\u00eb \u00e7aktivizohen, ku ky opsion \u00ebsht\u00eb i disponuesh\u00ebm.<br \/>Tabela m\u00eb posht\u00eb tregon cookies q\u00eb p\u00ebrdorim dhe arsyet q\u00eb e b\u00ebjm\u00eb k\u00ebt\u00eb. Ky informacion p\u00ebrdit\u00ebsohet rregullisht, megjithat\u00eb, n\u00ebse v\u00ebreni ndonj\u00eb mosp\u00ebrputhje, ju lutemi na kontaktoni.<\/p><p>P\u00ebr t\u00eb lexuar list\u00ebn e detajuar t\u00eb &quot;Cookies&quot; dhe p\u00ebr t\u00eb konfiguruar cil\u00ebsimet tuaja, vizitoni &quot;Ndrysho cil\u00ebsimet e kukive&quot;.<\/p>\t\t\t\t\t\t\t\t<\/div>\n\t\t\t\t<\/div>\n\t\t\t\t\t<\/div>\n\t\t<\/div>\n\t\t\t\t<div class=\"elementor-column elementor-col-33 elementor-top-column elementor-element elementor-element-5aa8f95\" data-id=\"5aa8f95\" data-element_type=\"column\" data-e-type=\"column\">\n\t\t\t<div class=\"elementor-widget-wrap elementor-element-populated\">\n\t\t\t\t\t\t<div class=\"elementor-element elementor-element-4208b79 elementor-nav-menu__align-center elementor-nav-menu--dropdown-none elementor-widget elementor-widget-nav-menu\" data-id=\"4208b79\" data-element_type=\"widget\" data-e-type=\"widget\" data-settings=\"{&quot;layout&quot;:&quot;vertical&quot;,&quot;sticky&quot;:&quot;top&quot;,&quot;sticky_offset&quot;:143,&quot;sticky_parent&quot;:&quot;yes&quot;,&quot;submenu_icon&quot;:{&quot;value&quot;:&quot;&lt;i class=\\&quot;fas fa-caret-down\\&quot; aria-hidden=\\&quot;true\\&quot;&gt;&lt;\\\/i&gt;&quot;,&quot;library&quot;:&quot;fa-solid&quot;},&quot;sticky_on&quot;:[&quot;desktop&quot;,&quot;tablet&quot;,&quot;mobile&quot;],&quot;sticky_effects_offset&quot;:0,&quot;sticky_anchor_link_offset&quot;:0}\" data-widget_type=\"nav-menu.default\">\n\t\t\t\t<div class=\"elementor-widget-container\">\n\t\t\t\t\t\t\t\t<nav aria-label=\"Menyja\" class=\"elementor-nav-menu--main elementor-nav-menu__container elementor-nav-menu--layout-vertical e--pointer-background e--animation-fade\">\n\t\t\t\t<ul id=\"menu-1-4208b79\" class=\"elementor-nav-menu sm-vertical\"><li class=\"menu-item menu-item-type-post_type menu-item-object-page menu-item-718\"><a href=\"https:\/\/dermitzaki.gr\/sq\/privacy-policy\/\" class=\"elementor-item\">POLITIKA E PRIVAT\u00cbSIS\u00cb<\/a><\/li>\n<li class=\"menu-item menu-item-type-post_type menu-item-object-page menu-item-715\"><a href=\"https:\/\/dermitzaki.gr\/sq\/cookie-policy\/\" class=\"elementor-item\">POLITIKA E KOKIVE<\/a><\/li>\n<li class=\"menu-item menu-item-type-post_type menu-item-object-page menu-item-716\"><a href=\"https:\/\/dermitzaki.gr\/sq\/terms-of-service\/\" class=\"elementor-item\">Termat dhe Kushtet<\/a><\/li>\n<\/ul>\t\t\t<\/nav>\n\t\t\t\t\t\t<nav class=\"elementor-nav-menu--dropdown elementor-nav-menu__container\" aria-hidden=\"true\">\n\t\t\t\t<ul id=\"menu-2-4208b79\" class=\"elementor-nav-menu sm-vertical\"><li class=\"menu-item menu-item-type-post_type menu-item-object-page menu-item-718\"><a href=\"https:\/\/dermitzaki.gr\/sq\/privacy-policy\/\" class=\"elementor-item\" tabindex=\"-1\">POLITIKA E PRIVAT\u00cbSIS\u00cb<\/a><\/li>\n<li class=\"menu-item menu-item-type-post_type menu-item-object-page menu-item-715\"><a href=\"https:\/\/dermitzaki.gr\/sq\/cookie-policy\/\" class=\"elementor-item\" tabindex=\"-1\">POLITIKA E KOKIVE<\/a><\/li>\n<li class=\"menu-item menu-item-type-post_type menu-item-object-page menu-item-716\"><a href=\"https:\/\/dermitzaki.gr\/sq\/terms-of-service\/\" class=\"elementor-item\" tabindex=\"-1\">Termat dhe Kushtet<\/a><\/li>\n<\/ul>\t\t\t<\/nav>\n\t\t\t\t\t\t<\/div>\n\t\t\t\t<\/div>\n\t\t\t\t\t<\/div>\n\t\t<\/div>\n\t\t\t\t\t<\/div>\n\t\t<\/section>\n\t\t\t\t<section class=\"elementor-section elementor-top-section elementor-element elementor-element-8d22142 elementor-section-height-min-height elementor-section-boxed elementor-section-height-default elementor-section-items-middle\" data-id=\"8d22142\" data-element_type=\"section\" data-e-type=\"section\" data-settings=\"{&quot;background_background&quot;:&quot;classic&quot;,&quot;shape_divider_top&quot;:&quot;triangle&quot;,&quot;jet_parallax_layout_list&quot;:[{&quot;jet_parallax_layout_image&quot;:{&quot;url&quot;:&quot;&quot;,&quot;id&quot;:&quot;&quot;,&quot;size&quot;:&quot;&quot;},&quot;_id&quot;:&quot;79e1fba&quot;,&quot;jet_parallax_layout_image_tablet&quot;:{&quot;url&quot;:&quot;&quot;,&quot;id&quot;:&quot;&quot;,&quot;size&quot;:&quot;&quot;},&quot;jet_parallax_layout_image_mobile&quot;:{&quot;url&quot;:&quot;&quot;,&quot;id&quot;:&quot;&quot;,&quot;size&quot;:&quot;&quot;},&quot;jet_parallax_layout_speed&quot;:{&quot;unit&quot;:&quot;%&quot;,&quot;size&quot;:50,&quot;sizes&quot;:[]},&quot;jet_parallax_layout_type&quot;:&quot;scroll&quot;,&quot;jet_parallax_layout_direction&quot;:&quot;1&quot;,&quot;jet_parallax_layout_fx_direction&quot;:null,&quot;jet_parallax_layout_z_index&quot;:&quot;&quot;,&quot;jet_parallax_layout_bg_x&quot;:50,&quot;jet_parallax_layout_bg_x_tablet&quot;:&quot;&quot;,&quot;jet_parallax_layout_bg_x_mobile&quot;:&quot;&quot;,&quot;jet_parallax_layout_bg_y&quot;:50,&quot;jet_parallax_layout_bg_y_tablet&quot;:&quot;&quot;,&quot;jet_parallax_layout_bg_y_mobile&quot;:&quot;&quot;,&quot;jet_parallax_layout_bg_size&quot;:&quot;auto&quot;,&quot;jet_parallax_layout_bg_size_tablet&quot;:&quot;&quot;,&quot;jet_parallax_layout_bg_size_mobile&quot;:&quot;&quot;,&quot;jet_parallax_layout_animation_prop&quot;:&quot;transform&quot;,&quot;jet_parallax_layout_on&quot;:[&quot;desktop&quot;,&quot;tablet&quot;]}]}\">\n\t\t\t\t\t\t\t<div class=\"elementor-background-overlay\"><\/div>\n\t\t\t\t\t\t<div class=\"elementor-shape elementor-shape-top\" aria-hidden=\"true\" data-negative=\"false\">\n\t\t\t<svg xmlns=\"http:\/\/www.w3.org\/2000\/svg\" viewbox=\"0 0 1000 100\" preserveaspectratio=\"none\">\n\t<path class=\"elementor-shape-fill\" d=\"M500,98.9L0,6.1V0h1000v6.1L500,98.9z\"\/>\n<\/svg>\t\t<\/div>\n\t\t\t\t\t<div class=\"elementor-container elementor-column-gap-no\">\n\t\t\t\t\t<div class=\"elementor-column elementor-col-100 elementor-top-column elementor-element elementor-element-e0ec202\" data-id=\"e0ec202\" data-element_type=\"column\" data-e-type=\"column\">\n\t\t\t<div class=\"elementor-widget-wrap elementor-element-populated\">\n\t\t\t\t\t\t<div class=\"elementor-element elementor-element-7be0d57 elementor-headline--style-rotate elementor-widget elementor-widget-animated-headline\" data-id=\"7be0d57\" data-element_type=\"widget\" data-e-type=\"widget\" data-settings=\"{&quot;headline_style&quot;:&quot;rotate&quot;,&quot;animation_type&quot;:&quot;slide-down&quot;,&quot;rotating_text&quot;:&quot;\\u0397\\u03bc\\u03b9\\u03ba\\u03c1\\u03b1\\u03bd\\u03af\\u03b1\\n\\u039d\\u03b5\\u03c5\\u03c1\\u03bf\\u03bb\\u03bf\\u03b3\\u03b9\\u03ba\\u03ae \\u0395\\u03be\\u03ad\\u03c4\\u03b1\\u03c3\\u03b7\\n\\u03a1\\u03b1\\u03bd\\u03c4\\u03b5\\u03b2\\u03bf\\u03cd\\n\\u03a3\\u03c5\\u03bc\\u03b2\\u03bf\\u03c5\\u03bb\\u03ad\\u03c2&quot;,&quot;loop&quot;:&quot;yes&quot;,&quot;rotate_iteration_delay&quot;:2500}\" data-widget_type=\"animated-headline.default\">\n\t\t\t\t<div class=\"elementor-widget-container\">\n\t\t\t\t\t\t\t<h3 class=\"elementor-headline elementor-headline-animation-type-slide-down\">\n\t\t\t\t\t<span class=\"elementor-headline-plain-text elementor-headline-text-wrapper\">Lini nj\u00eb takim p\u00ebr<\/span>\n\t\t\t\t<span class=\"elementor-headline-dynamic-wrapper elementor-headline-text-wrapper\">\n\t\t\t\t\t<span class=\"elementor-headline-dynamic-text elementor-headline-text-active\">\n\t\t\t\tMigren\u00eb\t\t\t<\/span>\n\t\t\t\t\t<span class=\"elementor-headline-dynamic-text\">\n\t\t\t\tEkzaminimi Neurologjik\t\t\t<\/span>\n\t\t\t\t\t<span class=\"elementor-headline-dynamic-text\">\n\t\t\t\tEm\u00ebrimi\t\t\t<\/span>\n\t\t\t\t\t<span class=\"elementor-headline-dynamic-text\">\n\t\t\t\tK\u00ebshilla\t\t\t<\/span>\n\t\t\t\t\t\t<\/span>\n\t\t\t\t<\/h3>\n\t\t\t\t\t\t<\/div>\n\t\t\t\t<\/div>\n\t\t\t\t<div class=\"elementor-element elementor-element-8dd33fc elementor-headline--style-rotate elementor-widget elementor-widget-animated-headline\" data-id=\"8dd33fc\" data-element_type=\"widget\" data-e-type=\"widget\" data-settings=\"{&quot;headline_style&quot;:&quot;rotate&quot;,&quot;animation_type&quot;:&quot;flip&quot;,&quot;rotating_text&quot;:&quot;2310 923 883\\n693 741 5244&quot;,&quot;loop&quot;:&quot;yes&quot;,&quot;rotate_iteration_delay&quot;:2500}\" data-widget_type=\"animated-headline.default\">\n\t\t\t\t<div class=\"elementor-widget-container\">\n\t\t\t\t\t\t\t<h3 class=\"elementor-headline elementor-headline-animation-type-flip\">\n\t\t\t\t<span class=\"elementor-headline-dynamic-wrapper elementor-headline-text-wrapper\">\n\t\t\t\t\t<span class=\"elementor-headline-dynamic-text elementor-headline-text-active\">\n\t\t\t\t2310 923 883\t\t\t<\/span>\n\t\t\t\t\t<span class=\"elementor-headline-dynamic-text\">\n\t\t\t\t693 741 5244\t\t\t<\/span>\n\t\t\t\t\t\t<\/span>\n\t\t\t\t<\/h3>\n\t\t\t\t\t\t<\/div>\n\t\t\t\t<\/div>\n\t\t\t\t<div class=\"elementor-element elementor-element-ba46e66 elementor-align-center elementor-invisible elementor-widget elementor-widget-button\" data-id=\"ba46e66\" data-element_type=\"widget\" data-e-type=\"widget\" data-settings=\"{&quot;_animation&quot;:&quot;slideInLeft&quot;}\" data-widget_type=\"button.default\">\n\t\t\t\t<div class=\"elementor-widget-container\">\n\t\t\t\t\t\t\t\t\t<div class=\"elementor-button-wrapper\">\n\t\t\t\t\t<a class=\"elementor-button elementor-button-link elementor-size-xs elementor-animation-grow\" href=\"#elementor-action%3Aaction%3Dpopup%3Aopen%26settings%3DeyJpZCI6Ijk4OCIsInRvZ2dsZSI6ZmFsc2V9\">\n\t\t\t\t\t\t<span class=\"elementor-button-content-wrapper\">\n\t\t\t\t\t\t<span class=\"elementor-button-icon\">\n\t\t\t\t<i aria-hidden=\"true\" class=\"far fa-calendar-alt\"><\/i>\t\t\t<\/span>\n\t\t\t\t\t\t\t\t\t<span class=\"elementor-button-text\">Kontaktoni<\/span>\n\t\t\t\t\t<\/span>\n\t\t\t\t\t<\/a>\n\t\t\t\t<\/div>\n\t\t\t\t\t\t\t\t<\/div>\n\t\t\t\t<\/div>\n\t\t\t\t\t<\/div>\n\t\t<\/div>\n\t\t\t\t\t<\/div>\n\t\t<\/section>\n\t\t\t\t<\/div>","protected":false},"excerpt":{"rendered":"<p>Dr. Manolis Dermitzakis \u2013 Neurolog Ph.D. Departamenti i Mjek\u00ebsis\u00eb, A.U.Th. Ritrajnuar n\u00eb Godeshohe, Gjermani. Cookies jan\u00eb skedar\u00eb t\u00eb vegj\u00ebl teksti q\u00eb ruhen nga nj\u00eb faqe interneti n\u00eb nj\u00eb shfletues (shfletues interneti) gjat\u00eb navigimit ton\u00eb dhe m\u00eb pas merren n\u00eb m\u00ebnyr\u00eb q\u00eb t\u00eb mund ta njoh\u00eb at\u00eb her\u00ebn tjet\u00ebr q\u00eb do t\u00eb vizitohet. Por biskotat nuk p\u00ebrmbajn\u00eb kurr\u00eb [...]<\/p>","protected":false},"author":3,"featured_media":626,"parent":0,"menu_order":0,"comment_status":"closed","ping_status":"closed","template":"","meta":{"footnotes":""},"class_list":["post-706","page","type-page","status-publish","has-post-thumbnail","hentry"],"_links":{"self":[{"href":"https:\/\/dermitzaki.gr\/sq\/wp-json\/wp\/v2\/pages\/706","targetHints":{"allow":["GET"]}}],"collection":[{"href":"https:\/\/dermitzaki.gr\/sq\/wp-json\/wp\/v2\/pages"}],"about":[{"href":"https:\/\/dermitzaki.gr\/sq\/wp-json\/wp\/v2\/types\/page"}],"author":[{"embeddable":true,"href":"https:\/\/dermitzaki.gr\/sq\/wp-json\/wp\/v2\/users\/3"}],"replies":[{"embeddable":true,"href":"https:\/\/dermitzaki.gr\/sq\/wp-json\/wp\/v2\/comments?post=706"}],"version-history":[{"count":10,"href":"https:\/\/dermitzaki.gr\/sq\/wp-json\/wp\/v2\/pages\/706\/revisions"}],"predecessor-version":[{"id":2507,"href":"https:\/\/dermitzaki.gr\/sq\/wp-json\/wp\/v2\/pages\/706\/revisions\/2507"}],"wp:featuredmedia":[{"embeddable":true,"href":"https:\/\/dermitzaki.gr\/sq\/wp-json\/wp\/v2\/media\/626"}],"wp:attachment":[{"href":"https:\/\/dermitzaki.gr\/sq\/wp-json\/wp\/v2\/media?parent=706"}],"curies":[{"name":"wp","href":"https:\/\/api.w.org\/{rel}","templated":true}]}}